{"id":45,"date":"2024-04-09T18:02:59","date_gmt":"2024-04-09T18:02:59","guid":{"rendered":"https:\/\/caganholding.com\/index.php\/sayfa-3\/"},"modified":"2024-05-14T19:50:27","modified_gmt":"2024-05-14T19:50:27","slug":"sayfa-3","status":"publish","type":"page","link":"https:\/\/caganholding.com\/","title":{"rendered":"Ana Sayfa"},"content":{"rendered":"<div class=\"nicepage-container\"><div class=\"\" style=\"\" >        <script>\n            (function ($) {\n                var ResponsiveCms = window.ResponsiveCms;\n                if (!ResponsiveCms) {\n                    return;\n                }\n                ResponsiveCms.contentDom = $('script:last').parent();\n                ResponsiveCms.prevMode = \"MD\";\n\n                if (typeof ResponsiveCms.recalcClasses === 'function') {\n                    ResponsiveCms.recalcClasses();\n                }\n            })(jQuery);\n        <\/script>\n        \n    \n    <section class=\"u-clearfix u-custom-color-1 u-valign-middle-sm u-section-2\" id=\"sec-fe90\">\n      <div class=\"u-expanded-height u-palette-3-base u-shape u-shape-rectangle u-shape-1\" data-animation-name=\"slideIn\" data-animation-duration=\"1750\" data-animation-direction=\"Down\" data-animation-delay=\"0\"><\/div>\n      <img decoding=\"async\" class=\"u-hidden-xs u-image u-image-contain u-image-default u-image-1\" src=\"https:\/\/caganholding.com\/wp-content\/uploads\/2024\/04\/ARGPNG.png\" alt=\"\" data-image-width=\"2480\" data-image-height=\"1772\">\n      <img decoding=\"async\" class=\"u-image u-image-round u-radius-20 u-image-2\" src=\"https:\/\/caganholding.com\/wp-content\/uploads\/2024\/04\/acf0883f-c02b-4ec2-bb1e-8dca46e1a5ff.jpg\" alt=\"\" data-image-width=\"1024\" data-image-height=\"1024\" data-animation-name=\"fadeIn\" data-animation-duration=\"1750\" data-animation-direction=\"Right\" data-animation-delay=\"250\">\n      <img decoding=\"async\" class=\"u-image u-image-contain u-image-round u-radius-20 u-image-3\" src=\"https:\/\/caganholding.com\/wp-content\/uploads\/2024\/05\/CAREANDLABSLOGO-Photoroom.png-Photoroom.png\" alt=\"\" data-image-width=\"1280\" data-image-height=\"1226\" data-animation-name=\"fadeIn\" data-animation-duration=\"1750\" data-animation-direction=\"Left\">\n      <img decoding=\"async\" class=\"u-image u-image-round u-radius-20 u-image-4\" src=\"https:\/\/caganholding.com\/wp-content\/uploads\/2024\/04\/Ekrangrnts2024-02-23175127.png\" alt=\"\" data-image-width=\"308\" data-image-height=\"304\" data-animation-name=\"fadeIn\" data-animation-duration=\"1750\" data-animation-direction=\"Left\" data-animation-delay=\"500\">\n      <div class=\"u-align-left u-container-style u-group u-radius-20 u-shape-round u-white u-group-1\" data-animation-name=\"rollIn\" data-animation-duration=\"1750\" data-animation-direction=\"\">\n        <div class=\"u-container-layout u-valign-middle u-container-layout-1\">\n          <h5 class=\"u-custom-font u-font-oswald u-text u-text-default u-text-1\">\u00c7A\u011eAN \u015e\u0130RKETLER GRUBU<br>\n          <\/h5>\n          <h3 class=\"u-custom-font u-font-montserrat u-text u-text-2\">\u0130N\u015eAAT KOZMET\u0130K VE BETON \u0130\u015eLER\u0130 <\/h3>\n          <a href=\"tel:+905468442630\" class=\"u-active-palette-3-base u-border-none u-btn u-btn-round u-button-style u-hover-palette-3-base u-palette-1-base u-radius-20 u-text-active-palette-1-base u-text-hover-palette-1-base u-btn-1\">\u0130LET\u0130\u015e\u0130M<\/a>\n        <\/div>\n      <\/div>\n    <\/section>\n    <section class=\"u-align-center u-clearfix u-custom-color-1 u-section-3\" id=\"sec-89a6\">\n      <div class=\"u-expanded-width u-palette-1-base u-shape u-shape-rectangle u-shape-1\"><\/div>\n      <h2 class=\"u-text u-text-default-lg u-text-default-md u-text-default-xl u-text-palette-3-base u-text-1\">ALT \u015e\u0130RKETLER\u0130M\u0130Z VE FAL\u0130YETLER\u0130<\/h2>\n      <div class=\"u-list u-list-1\">\n        <div class=\"u-repeater u-repeater-1\">\n          <div class=\"u-container-style u-list-item u-repeater-item u-white u-list-item-1\">\n            <div class=\"u-container-layout u-similar-container u-valign-top u-container-layout-1\"><span class=\"u-file-icon u-icon u-icon-circle u-palette-3-base u-icon-1\"><img decoding=\"async\" src=\"https:\/\/caganholding.com\/wp-content\/uploads\/2024\/04\/3163203.png\" alt=\"\"><\/span>\n              <h4 class=\"u-custom-font u-text u-text-2\">Care And Labs Kozmetik<\/h4>\n              <p class=\"u-text u-text-3\">T\u00dcRK\u0130YE N\u0130N B\u0130R NUMARALI ISLAK HAVLU \u00dcRET\u0130C\u0130 F\u0130RMASI<\/p>\n            <\/div>\n          <\/div>\n          <div class=\"u-container-style u-list-item u-repeater-item u-video-cover u-white\">\n            <div class=\"u-container-layout u-similar-container u-valign-top u-container-layout-2\"><span class=\"u-file-icon u-icon u-icon-circle u-palette-3-base u-icon-2\"><img decoding=\"async\" src=\"https:\/\/caganholding.com\/wp-content\/uploads\/2024\/04\/caganinsaat.png\" alt=\"\"><\/span>\n              <h4 class=\"u-custom-font u-text u-text-4\">\u00c7a\u011fan \u0130n\u015faat<br>\n              <\/h4>\n              <p class=\"u-text u-text-5\">\u00c7a\u011fan \u0130n\u015faat Olarak M\u00fcthehayitlik \u0130\u015fleri Ve Taah\u00fct Devlet \u0130\u015fleri Yapmaktay\u0131z. <\/p>\n            <\/div>\n          <\/div>\n          <div class=\"u-container-style u-list-item u-repeater-item u-video-cover u-white\">\n            <div class=\"u-container-layout u-similar-container u-valign-top u-container-layout-3\"><span class=\"u-file-icon u-icon u-icon-circle u-palette-3-base u-icon-3\"><img decoding=\"async\" src=\"https:\/\/caganholding.com\/wp-content\/uploads\/2024\/04\/2716835.png\" alt=\"\"><\/span>\n              <h4 class=\"u-custom-font u-text u-text-6\">ARG BETON POMPA<\/h4>\n              <p class=\"u-text u-text-7\">ARG BETON POMPA OLARAK BETON POMPA \u0130MALATI VE K\u0130RALAMA YAPMAKTAYIZ<\/p>\n            <\/div>\n          <\/div>\n          <div class=\"u-container-style u-list-item u-repeater-item u-video-cover u-white\">\n            <div class=\"u-container-layout u-similar-container u-valign-top u-container-layout-4\"><span class=\"u-file-icon u-icon u-icon-circle u-palette-3-base u-icon-4\"><img decoding=\"async\" src=\"https:\/\/caganholding.com\/wp-content\/uploads\/2024\/04\/3587987.png\" alt=\"\"><\/span>\n              <h4 class=\"u-custom-font u-text u-text-8\">\u00c7a\u011fan Holding<br>\n              <\/h4>\n              <p class=\"u-text u-text-9\">\u00c7a\u011fan Holding Olarak Yat\u0131r\u0131m Ve Alt \u015eirket Y\u00f6netimi Yapmaktay\u0131z.<\/p>\n            <\/div>\n          <\/div>\n        <\/div>\n      <\/div>\n    <\/section>\n    <section class=\"u-clearfix u-palette-1-base u-section-4\" id=\"sec-5a7a\">\n      <div class=\"u-clearfix u-sheet u-sheet-1\">\n        <div class=\"data-layout-selected u-clearfix u-expanded-width u-layout-wrap u-layout-wrap-1\">\n          <div class=\"u-layout\">\n            <div class=\"u-layout-row\">\n              <div class=\"u-container-style u-layout-cell u-size-30 u-layout-cell-1\">\n                <div class=\"u-container-layout u-container-layout-1\">\n                  <h2 class=\"u-custom-font u-font-montserrat u-text u-text-custom-color-1 u-text-1\">\u00c7A\u011eAN HOLD\u0130NG <\/h2>\n                  <h5 class=\"u-custom-font u-font-montserrat u-text u-text-2\">\u00c7A\u011eAN HOLD\u0130NG OLARAK KURUMSAL \u0130\u015eLER YAPMAKTAYIZ<\/h5>\n                <\/div>\n              <\/div>\n              <div class=\"u-container-style u-layout-cell u-size-30 u-layout-cell-2\">\n                <div class=\"u-container-layout u-container-layout-2\">\n                  <h5 class=\"u-custom-font u-font-montserrat u-text u-text-custom-color-1 u-text-default u-text-3\">\u0130N\u015eAAT DA PROFESYONEL \u0130\u015eLER<\/h5>\n                  <p class=\"u-text u-text-4\">\u00c7AV\u015eAT BARAJI PROJES\u0130NDE 2700 MT BETON POMPALAMA TECR\u00dcBES\u0130 <\/p>\n                  <h5 class=\"u-custom-font u-font-montserrat u-text u-text-custom-color-1 u-text-5\">KEND\u0130 \u0130MALATIMIZ <\/h5>\n                  <p class=\"u-text u-text-white u-text-6\">CARE AND LABS OLARAK ISLAK HAVLU VE MEND\u0130L \u00dcRETMEKTEY\u0130Z P\u0130YASANIN ENB\u00dcY\u00dcK F\u0130RMASIYIZ<\/p>\n                  <a href=\"tel:+905468442630\" class=\"u-active-white u-border-none u-btn u-btn-round u-button-style u-hover-white u-palette-3-base u-radius-20 u-text-active-palette-1-base u-text-hover-palette-1-base u-btn-1\">\u0130LET\u0130\u015e\u0130M \u0130\u00c7\u0130N TIKLAYINIZ<\/a>\n                <\/div>\n              <\/div>\n            <\/div>\n          <\/div>\n        <\/div>\n      <\/div>\n    <\/section>\n    <section class=\"u-clearfix u-custom-color-1 u-valign-middle-lg u-valign-middle-md u-valign-middle-sm u-section-5\" id=\"sec-a240\">\n      <div class=\"u-clearfix u-sheet u-sheet-1\">\n        <div class=\"u-expanded-width-xs u-gallery u-layout-grid u-lightbox u-no-transition u-show-text-none u-gallery-1\">\n          <div class=\"u-gallery-inner u-gallery-inner-1\">\n            <div class=\"u-effect-hover-zoom u-gallery-item u-radius u-shape-round u-gallery-item-1\" data-animation-name=\"\" data-animation-duration=\"0\" data-animation-delay=\"0\" data-animation-direction=\"\">\n              <div class=\"u-back-slide\">\n                <img decoding=\"async\" class=\"u-back-image u-expanded\" src=\"https:\/\/caganholding.com\/wp-content\/uploads\/2024\/04\/careandlabs1.png\" data-image-width=\"565\" data-image-height=\"358\">\n              <\/div>\n              <div class=\"u-over-slide u-shading u-over-slide-1\"><\/div>\n            <\/div>\n            <div class=\"u-effect-hover-zoom u-gallery-item u-radius u-shape-round u-gallery-item-2\" data-animation-name=\"\" data-animation-duration=\"0\" data-animation-delay=\"0\" data-animation-direction=\"\">\n              <div class=\"u-back-slide\">\n                <img decoding=\"async\" class=\"u-back-image u-expanded u-back-image-2\" src=\"https:\/\/caganholding.com\/wp-content\/uploads\/2024\/04\/crop-architect-opening-blueprint-min.jpg\" data-image-width=\"1618\" data-image-height=\"1080\">\n              <\/div>\n              <div class=\"u-over-slide u-shading u-over-slide-2\"><\/div>\n            <\/div>\n            <div class=\"u-effect-hover-zoom u-gallery-item u-radius u-shape-round u-gallery-item-3\" data-animation-name=\"\" data-animation-duration=\"0\" data-animation-delay=\"0\" data-animation-direction=\"\">\n              <div class=\"u-back-slide\">\n                <img decoding=\"async\" class=\"u-back-image u-expanded\" src=\"https:\/\/caganholding.com\/wp-content\/uploads\/2024\/04\/aaaaaaaaa.png\" data-image-width=\"519\" data-image-height=\"331\">\n              <\/div>\n              <div class=\"u-over-slide u-shading u-over-slide-3\"><\/div>\n            <\/div>\n            <div class=\"u-effect-hover-zoom u-gallery-item u-radius u-shape-round u-gallery-item-4\" data-animation-name=\"\" data-animation-duration=\"0\" data-animation-delay=\"0\" data-animation-direction=\"\">\n              <div class=\"u-back-slide\" data-image-width=\"519\" data-image-height=\"331\">\n                <img decoding=\"async\" class=\"u-back-image u-expanded u-back-image-4\" src=\"https:\/\/caganholding.com\/wp-content\/uploads\/2024\/04\/sabitbetonpuampicon.png\" data-image-width=\"1618\" data-image-height=\"1080\">\n              <\/div>\n              <div class=\"u-over-slide u-shading u-over-slide-4\"><\/div>\n            <\/div>\n          <\/div>\n        <\/div>\n        <div class=\"u-align-left u-container-style u-group u-radius-20 u-shape-round u-white u-group-1\">\n          <div class=\"u-container-layout u-container-layout-1\">\n            <h5 class=\"u-custom-font u-font-oswald u-text u-text-default u-text-1\">\u00d6NCE \u0130\u015e G\u00dcVENL\u0130\u011e\u0130<br>\n            <\/h5>\n            <h3 class=\"u-custom-font u-font-montserrat u-text u-text-2\">\u00c7A\u011eAN HOLD\u0130NG OLARAK B\u0130R\u00c7OK ALANDA FAL\u0130YET G\u00d6STERMEKTEY\u0130Z<\/h3>\n          <\/div>\n        <\/div>\n        <h2 class=\"u-custom-font u-font-montserrat u-text u-text-black u-text-3\">B\u0130Z\u0130M S\u0130ZE ULA\u015eMAMIZI \u0130STERSEN\u0130Z <\/h2>\n        <div class=\"u-align-center u-container-style u-expanded-width-xs u-group u-radius-20 u-shape-round u-white u-group-2\">\n          <div class=\"u-container-layout u-container-layout-2\">\n            <h3 class=\"u-text u-text-default u-text-4\"> Bize Yaz\u0131l\u0131 Olarak Ula\u015fmak \u0130\u00e7in<\/h3>\n            <p class=\"u-text u-text-5\"> Bize \u0130ster Arayarak \u0130sterseniz De Burdan Forum Arac\u0131l\u0131\u011f\u0131 \u0130le Bize Ula\u015fabilirsiniz<\/p>\n            <div class=\"u-form u-form-1\">\n              <form action=\"https:\/\/forms.nicepagesrv.com\/v2\/form\/process\" class=\"u-clearfix u-form-spacing-20 u-form-vertical u-inner-form\" style=\"padding: 0;\" source=\"email\" name=\"form\">\n                <div class=\"u-form-group u-form-name u-form-partition-factor-3 u-form-group-1\">\n                  <label for=\"name-d70e\" class=\"u-form-control-hidden u-label\">Name<\/label>\n                  <input type=\"text\" placeholder=\"Ad\u0131n\u0131z\u0131 Giriniz\" id=\"name-d70e\" name=\"name\" class=\"u-grey-10 u-input u-input-rectangle u-radius-20\" required=\"\" wfd-id=\"id19\">\n                <\/div>\n                <div class=\"u-form-email u-form-group u-form-partition-factor-3 u-form-group-2\">\n                  <label for=\"email-d70e\" class=\"u-form-control-hidden u-label\">Email<\/label>\n                  <input type=\"email\" placeholder=\"E Mail Adresinizi Giriniz\" id=\"email-d70e\" name=\"email\" class=\"u-grey-10 u-input u-input-rectangle u-radius-20\" required=\"\" wfd-id=\"id20\">\n                <\/div>\n                <div class=\"u-form-group u-form-partition-factor-3 u-form-phone u-form-group-3\">\n                  <label for=\"phone-d5b3\" class=\"u-form-control-hidden u-label\"><\/label>\n                  <input type=\"tel\" pattern=\"+?d{0,3}[s(-]?([0-9]{2,3})[s)-]?([s-]?)([0-9]{3})[s-]?([0-9]{2})[s-]?([0-9]{2})\" placeholder=\"Telefonunuz Giriniz\" id=\"phone-d5b3\" name=\"phone\" class=\"u-grey-10 u-input u-input-rectangle u-radius-20\" required=\"\" wfd-id=\"id21\">\n                <\/div>\n                <div class=\"u-form-group u-form-message u-form-group-4\">\n                  <label for=\"message-d70e\" class=\"u-form-control-hidden u-label\">Message<\/label>\n                  <textarea placeholder=\"\u200bMesaj\u0131n\u0131z\u0131 Giriniz\" rows=\"4\" cols=\"50\" id=\"message-d70e\" name=\"message\" class=\"u-grey-10 u-input u-input-rectangle u-radius-20\" required=\"\"><\/textarea>\n                <\/div>\n                <div class=\"u-align-center u-form-group u-form-submit u-form-group-5\">\n                  <a href=\"#\" class=\"u-active-grey-90 u-border-none u-btn u-btn-round u-btn-submit u-button-style u-hover-grey-90 u-palette-3-base u-radius-20 u-btn-1\">G\u00f6nder <\/a>\n                  <input type=\"submit\" value=\"submit\" class=\"u-form-control-hidden\" wfd-id=\"id22\">\n                <\/div>\n                <div class=\"u-form-send-message u-form-send-success\"> Thank you! Your message has been sent. <\/div>\n                <div class=\"u-form-send-error u-form-send-message\"> Unable to send your message. Please fix errors then try again. <\/div>\n                <input type=\"hidden\" value=\"\" name=\"recaptchaResponse\" wfd-id=\"id23\">\n                <input type=\"hidden\" name=\"formServices\" value=\"b77930ef-81cc-70c0-0d85-276bb40ee023\">\n              <\/form>\n            <\/div>\n          <\/div>\n        <\/div>\n      <\/div>\n    <\/section>\n    \n    \n    \n  \n<\/div><\/div>","protected":false},"excerpt":{"rendered":"<p>\u00c7A\u011eAN \u015e\u0130RKETLER GRUBU \u0130N\u015eAAT KOZMET\u0130K VE BETON \u0130\u015eLER\u0130 \u0130LET\u0130\u015e\u0130M ALT \u015e\u0130RKETLER\u0130M\u0130Z VE FAL\u0130YETLER\u0130 Care And Labs Kozmetik T\u00dcRK\u0130YE N\u0130N B\u0130R NUMARALI ISLAK HAVLU \u00dcRET\u0130C\u0130 F\u0130RMASI \u00c7a\u011fan \u0130n\u015faat \u00c7a\u011fan \u0130n\u015faat Olarak M\u00fcthehayitlik \u0130\u015fleri Ve Taah\u00fct Devlet \u0130\u015fleri Yapmaktay\u0131z. ARG BETON POMPA ARG BETON POMPA OLARAK BETON POMPA \u0130MALATI VE K\u0130RALAMA YAPMAKTAYIZ \u00c7a\u011fan Holding \u00c7a\u011fan Holding Olarak [&hellip;]<\/p>\n","protected":false},"author":1,"featured_media":0,"parent":0,"menu_order":2,"comment_status":"closed","ping_status":"closed","template":"elementor_header_footer","meta":{"footnotes":""},"class_list":["post-45","page","type-page","status-publish","hentry"],"_links":{"self":[{"href":"https:\/\/caganholding.com\/index.php\/wp-json\/wp\/v2\/pages\/45","targetHints":{"allow":["GET"]}}],"collection":[{"href":"https:\/\/caganholding.com\/index.php\/wp-json\/wp\/v2\/pages"}],"about":[{"href":"https:\/\/caganholding.com\/index.php\/wp-json\/wp\/v2\/types\/page"}],"author":[{"embeddable":true,"href":"https:\/\/caganholding.com\/index.php\/wp-json\/wp\/v2\/users\/1"}],"replies":[{"embeddable":true,"href":"https:\/\/caganholding.com\/index.php\/wp-json\/wp\/v2\/comments?post=45"}],"version-history":[{"count":3,"href":"https:\/\/caganholding.com\/index.php\/wp-json\/wp\/v2\/pages\/45\/revisions"}],"predecessor-version":[{"id":64,"href":"https:\/\/caganholding.com\/index.php\/wp-json\/wp\/v2\/pages\/45\/revisions\/64"}],"wp:attachment":[{"href":"https:\/\/caganholding.com\/index.php\/wp-json\/wp\/v2\/media?parent=45"}],"curies":[{"name":"wp","href":"https:\/\/api.w.org\/{rel}","templated":true}]}}